{"id":22,"date":"2025-07-25T17:36:31","date_gmt":"2025-07-25T15:36:31","guid":{"rendered":"http:\/\/onesportagency.com\/?page_id=22"},"modified":"2025-07-28T23:36:17","modified_gmt":"2025-07-28T21:36:17","slug":"partenaires","status":"publish","type":"page","link":"https:\/\/onesportagency.com\/en\/partenaires\/","title":{"rendered":"PARTNERS"},"content":{"rendered":"<div data-elementor-type=\"wp-page\" data-elementor-id=\"22\" class=\"elementor elementor-22\" data-elementor-settings=\"{&quot;ha_cmc_init_switcher&quot;:&quot;no&quot;}\" data-elementor-post-type=\"page\">\n\t\t\t\t<div class=\"elementor-element elementor-element-499798f e-flex e-con-boxed e-con e-parent\" data-id=\"499798f\" data-element_type=\"container\" data-settings=\"{&quot;background_background&quot;:&quot;classic&quot;,&quot;_ha_eqh_enable&quot;:false}\">\n\t\t\t\t\t<div class=\"e-con-inner\">\n\t\t<div class=\"elementor-element elementor-element-e5d20e6 e-con-full e-flex e-con e-child\" data-id=\"e5d20e6\" data-element_type=\"container\" data-settings=\"{&quot;_ha_eqh_enable&quot;:false}\">\n\t\t\t\t<div class=\"elementor-element elementor-element-d1a7d4f elementor-widget__width-initial elementor-widget-mobile__width-initial elementor-widget elementor-widget-heading\" data-id=\"d1a7d4f\" data-element_type=\"widget\" data-widget_type=\"heading.default\">\n\t\t\t\t\t<h1 class=\"elementor-heading-title elementor-size-default\">Develop your <span style=\"color:#b81f21\"> potential <\/span>with us<\/h1>\t\t\t\t<\/div>\n\t\t\t\t<div class=\"elementor-element elementor-element-989f475 elementor-widget__width-initial elementor-widget-mobile__width-initial elementor-widget elementor-widget-text-editor\" data-id=\"989f475\" data-element_type=\"widget\" data-widget_type=\"text-editor.default\">\n\t\t\t\t\t\t\t\t\t<p>D\u00e9bloquez de nouvelles opportunit\u00e9s gr\u00e2ce \u00e0 des strat\u00e9gies d&rsquo;experts, de nouveaux sponsors et un soutien personnalis\u00e9<\/p>\t\t\t\t\t\t\t\t<\/div>\n\t\t\t\t<div class=\"elementor-element elementor-element-67d84a5 elementor-mobile-align-center elementor-widget elementor-widget-button\" data-id=\"67d84a5\" data-element_type=\"widget\" data-widget_type=\"button.default\">\n\t\t\t\t\t\t\t\t\t\t<a class=\"elementor-button elementor-button-link elementor-size-sm\" href=\"https:\/\/onesportagency.com\/en\/contact\/\">\n\t\t\t\t\t\t<span class=\"elementor-button-content-wrapper\">\n\t\t\t\t\t\t<span class=\"elementor-button-icon\">\n\t\t\t\t<i aria-hidden=\"true\" class=\"hm hm-arrow-right\"><\/i>\t\t\t<\/span>\n\t\t\t\t\t\t\t\t\t<span class=\"elementor-button-text\">Contact Us<\/span>\n\t\t\t\t\t<\/span>\n\t\t\t\t\t<\/a>\n\t\t\t\t\t\t\t\t<\/div>\n\t\t\t\t<\/div>\n\t\t<div class=\"elementor-element elementor-element-8b472ee e-con-full e-flex e-con e-child\" data-id=\"8b472ee\" data-element_type=\"container\" data-settings=\"{&quot;_ha_eqh_enable&quot;:false}\">\n\t\t\t\t<div class=\"elementor-element elementor-element-f494a03 elementor-widget elementor-widget-image\" data-id=\"f494a03\" data-element_type=\"widget\" data-widget_type=\"image.default\">\n\t\t\t\t\t\t\t\t\t\t\t\t\t\t\t<img fetchpriority=\"high\" decoding=\"async\" width=\"800\" height=\"800\" src=\"https:\/\/onesportagency.com\/wp-content\/uploads\/2025\/07\/ChatGPT-Image-20-juil.-2025-01_46_32.png\" class=\"attachment-large size-large wp-image-78\" alt=\"\" srcset=\"https:\/\/onesportagency.com\/wp-content\/uploads\/2025\/07\/ChatGPT-Image-20-juil.-2025-01_46_32.png 1024w, https:\/\/onesportagency.com\/wp-content\/uploads\/2025\/07\/ChatGPT-Image-20-juil.-2025-01_46_32-300x300.png 300w, https:\/\/onesportagency.com\/wp-content\/uploads\/2025\/07\/ChatGPT-Image-20-juil.-2025-01_46_32-150x150.png 150w, https:\/\/onesportagency.com\/wp-content\/uploads\/2025\/07\/ChatGPT-Image-20-juil.-2025-01_46_32-768x768.png 768w\" sizes=\"(max-width: 800px) 100vw, 800px\" \/>\t\t\t\t\t\t\t\t\t\t\t\t\t\t\t<\/div>\n\t\t\t\t<div class=\"elementor-element elementor-element-3883488 elementor-widget elementor-widget-image\" data-id=\"3883488\" data-element_type=\"widget\" data-widget_type=\"image.default\">\n\t\t\t\t\t\t\t\t\t\t\t\t\t\t\t<img decoding=\"async\" width=\"800\" height=\"800\" src=\"https:\/\/onesportagency.com\/wp-content\/uploads\/2025\/07\/logo-partenaires.png\" class=\"attachment-large size-large wp-image-79\" alt=\"\" srcset=\"https:\/\/onesportagency.com\/wp-content\/uploads\/2025\/07\/logo-partenaires.png 1024w, https:\/\/onesportagency.com\/wp-content\/uploads\/2025\/07\/logo-partenaires-300x300.png 300w, https:\/\/onesportagency.com\/wp-content\/uploads\/2025\/07\/logo-partenaires-150x150.png 150w, https:\/\/onesportagency.com\/wp-content\/uploads\/2025\/07\/logo-partenaires-768x768.png 768w\" sizes=\"(max-width: 800px) 100vw, 800px\" \/>\t\t\t\t\t\t\t\t\t\t\t\t\t\t\t<\/div>\n\t\t\t\t<\/div>\n\t\t\t\t\t<\/div>\n\t\t\t\t<\/div>\n\t\t<div class=\"elementor-element elementor-element-a68cf38 e-flex e-con-boxed e-con e-parent\" data-id=\"a68cf38\" data-element_type=\"container\" data-settings=\"{&quot;_ha_eqh_enable&quot;:false}\">\n\t\t\t\t\t<div class=\"e-con-inner\">\n\t\t\t\t<div class=\"elementor-element elementor-element-ea9821d elementor-widget-mobile__width-initial elementor-widget__width-initial elementor-widget elementor-widget-heading\" data-id=\"ea9821d\" data-element_type=\"widget\" data-widget_type=\"heading.default\">\n\t\t\t\t\t<h4 class=\"elementor-heading-title elementor-size-default\">Accelerate your development with<span style=\"color:#b81f21\"> ONE SPORT <\/span><\/h4>\t\t\t\t<\/div>\n\t\t\t\t<div class=\"elementor-element elementor-element-9b2379a elementor-widget__width-initial elementor-widget-mobile__width-initial elementor-widget elementor-widget-text-editor\" data-id=\"9b2379a\" data-element_type=\"widget\" data-widget_type=\"text-editor.default\">\n\t\t\t\t\t\t\t\t\t<p>In an environment as competitive as football and sport in general, athletic performance must be supported by a sustainable development strategy.<\/p>\n\n<p>This is why <b>One Sport<\/b>, a management agency specialized in sports, puts its network and expertise to support all actors \u2014 clubs, academies, players, staff, and managers \u2014helping them take the next step through strategic partnerships.<\/p>\n\n<p><b>Partnerships to support your growth<\/b><\/p>\n\n<p>One Sport supports you in finding financial and commercial partners that align with your goals. Whether it\u2019s local or international sponsors, patrons, brands looking to join your project, or funding solutions (banks, investors, public institutions), we help you build a clear and compelling offer to win over the right stakeholders.<\/p>\n\n<p>Our mission is to help you diversify your revenue streams and strengthen your economic model, while allowing you to stay focused on what matters most : the sport itself.<\/p>\n\t\t\t\t\t\t\t\t<\/div>\n\t\t\t\t<div class=\"elementor-element elementor-element-2c25d8b elementor-widget-mobile__width-initial elementor-widget__width-initial elementor-widget elementor-widget-heading\" data-id=\"2c25d8b\" data-element_type=\"widget\" data-widget_type=\"heading.default\">\n\t\t\t\t\t<h4 class=\"elementor-heading-title elementor-size-default\">For Whom ? <\/h4>\t\t\t\t<\/div>\n\t\t<div class=\"elementor-element elementor-element-281a133 e-con-full e-flex e-con e-child\" data-id=\"281a133\" data-element_type=\"container\" data-settings=\"{&quot;_ha_eqh_enable&quot;:false}\">\n\t\t<div class=\"elementor-element elementor-element-2fde7e5 e-con-full e-flex e-con e-child\" data-id=\"2fde7e5\" data-element_type=\"container\" data-settings=\"{&quot;_ha_eqh_enable&quot;:false}\">\n\t\t\t\t<div class=\"elementor-element elementor-element-97f41f2 elementor-view-default elementor-position-top elementor-mobile-position-top elementor-widget elementor-widget-icon-box\" data-id=\"97f41f2\" data-element_type=\"widget\" data-widget_type=\"icon-box.default\">\n\t\t\t\t\t\t\t<div class=\"elementor-icon-box-wrapper\">\n\n\t\t\t\t\t\t<div class=\"elementor-icon-box-icon\">\n\t\t\t\t<span  class=\"elementor-icon\">\n\t\t\t\t<i aria-hidden=\"true\" class=\"hm hm-football\"><\/i>\t\t\t\t<\/span>\n\t\t\t<\/div>\n\t\t\t\n\t\t\t\t\t\t<div class=\"elementor-icon-box-content\">\n\n\t\t\t\t\t\t\t\t\t<h5 class=\"elementor-icon-box-title\">\n\t\t\t\t\t\t<span  >\n\t\t\t\t\t\t\tFootball Clubs\t\t\t\t\t\t<\/span>\n\t\t\t\t\t<\/h5>\n\t\t\t\t\n\t\t\t\t\t\t\t\t\t<p class=\"elementor-icon-box-description\">\n\t\t\t\t\t\t(Professionals, semi-professionals, or amateurs) looking to enhance their visibility and attract new sponsors.\t\t\t\t\t<\/p>\n\t\t\t\t\n\t\t\t<\/div>\n\t\t\t\n\t\t<\/div>\n\t\t\t\t\t\t<\/div>\n\t\t\t\t<\/div>\n\t\t<div class=\"elementor-element elementor-element-3236a91 e-con-full e-flex e-con e-child\" data-id=\"3236a91\" data-element_type=\"container\" data-settings=\"{&quot;_ha_eqh_enable&quot;:false}\">\n\t\t\t\t<div class=\"elementor-element elementor-element-9502226 elementor-view-default elementor-position-top elementor-mobile-position-top elementor-widget elementor-widget-icon-box\" data-id=\"9502226\" data-element_type=\"widget\" data-widget_type=\"icon-box.default\">\n\t\t\t\t\t\t\t<div class=\"elementor-icon-box-wrapper\">\n\n\t\t\t\t\t\t<div class=\"elementor-icon-box-icon\">\n\t\t\t\t<span  class=\"elementor-icon\">\n\t\t\t\t<i aria-hidden=\"true\" class=\"huge huge-school\"><\/i>\t\t\t\t<\/span>\n\t\t\t<\/div>\n\t\t\t\n\t\t\t\t\t\t<div class=\"elementor-icon-box-content\">\n\n\t\t\t\t\t\t\t\t\t<h5 class=\"elementor-icon-box-title\">\n\t\t\t\t\t\t<span  >\n\t\t\t\t\t\t\tyouth academy\t\t\t\t\t\t<\/span>\n\t\t\t\t\t<\/h5>\n\t\t\t\t\n\t\t\t\t\t\t\t\t\t<p class=\"elementor-icon-box-description\">\n\t\t\t\t\t\tseeking support to finance their infrastructure or educational projects\t\t\t\t\t<\/p>\n\t\t\t\t\n\t\t\t<\/div>\n\t\t\t\n\t\t<\/div>\n\t\t\t\t\t\t<\/div>\n\t\t\t\t<\/div>\n\t\t<div class=\"elementor-element elementor-element-c340bcc e-con-full e-flex e-con e-child\" data-id=\"c340bcc\" data-element_type=\"container\" data-settings=\"{&quot;_ha_eqh_enable&quot;:false}\">\n\t\t\t\t<div class=\"elementor-element elementor-element-07e6aea elementor-view-default elementor-position-top elementor-mobile-position-top elementor-widget elementor-widget-icon-box\" data-id=\"07e6aea\" data-element_type=\"widget\" data-widget_type=\"icon-box.default\">\n\t\t\t\t\t\t\t<div class=\"elementor-icon-box-wrapper\">\n\n\t\t\t\t\t\t<div class=\"elementor-icon-box-icon\">\n\t\t\t\t<span  class=\"elementor-icon\">\n\t\t\t\t<i aria-hidden=\"true\" class=\"huge huge-football-pitch\"><\/i>\t\t\t\t<\/span>\n\t\t\t<\/div>\n\t\t\t\n\t\t\t\t\t\t<div class=\"elementor-icon-box-content\">\n\n\t\t\t\t\t\t\t\t\t<h5 class=\"elementor-icon-box-title\">\n\t\t\t\t\t\t<span  >\n\t\t\t\t\t\t\tPlayers (pros or aspiring)\t\t\t\t\t\t<\/span>\n\t\t\t\t\t<\/h5>\n\t\t\t\t\n\t\t\t\t\t\t\t\t\t<p class=\"elementor-icon-box-description\">\n\t\t\t\t\t\twho want to structure a personal project or receive support in finding individual partnerships (image rights, equipment sponsors, etc.)\t\t\t\t\t<\/p>\n\t\t\t\t\n\t\t\t<\/div>\n\t\t\t\n\t\t<\/div>\n\t\t\t\t\t\t<\/div>\n\t\t\t\t<\/div>\n\t\t<div class=\"elementor-element elementor-element-92e0d4a e-con-full e-flex e-con e-child\" data-id=\"92e0d4a\" data-element_type=\"container\" data-settings=\"{&quot;_ha_eqh_enable&quot;:false}\">\n\t\t\t\t<div class=\"elementor-element elementor-element-407c7fa elementor-view-default elementor-position-top elementor-mobile-position-top elementor-widget elementor-widget-icon-box\" data-id=\"407c7fa\" data-element_type=\"widget\" data-widget_type=\"icon-box.default\">\n\t\t\t\t\t\t\t<div class=\"elementor-icon-box-wrapper\">\n\n\t\t\t\t\t\t<div class=\"elementor-icon-box-icon\">\n\t\t\t\t<span  class=\"elementor-icon\">\n\t\t\t\t<i aria-hidden=\"true\" class=\"hm hm-team-member\"><\/i>\t\t\t\t<\/span>\n\t\t\t<\/div>\n\t\t\t\n\t\t\t\t\t\t<div class=\"elementor-icon-box-content\">\n\n\t\t\t\t\t\t\t\t\t<h5 class=\"elementor-icon-box-title\">\n\t\t\t\t\t\t<span  >\n\t\t\t\t\t\t\tStaffs &amp; coaches\t\t\t\t\t\t<\/span>\n\t\t\t\t\t<\/h5>\n\t\t\t\t\n\t\t\t\t\t\t\t\t\t<p class=\"elementor-icon-box-description\">\n\t\t\t\t\t\tneeding support in implementing professional or development projects (training, travel, equipment, etc.)\t\t\t\t\t<\/p>\n\t\t\t\t\n\t\t\t<\/div>\n\t\t\t\n\t\t<\/div>\n\t\t\t\t\t\t<\/div>\n\t\t\t\t<\/div>\n\t\t\t\t<\/div>\n\t\t\t\t<div class=\"elementor-element elementor-element-cf72303 elementor-widget-mobile__width-initial elementor-widget__width-initial elementor-widget elementor-widget-heading\" data-id=\"cf72303\" data-element_type=\"widget\" data-widget_type=\"heading.default\">\n\t\t\t\t\t<h4 class=\"elementor-heading-title elementor-size-default\">Our added value<\/h4>\t\t\t\t<\/div>\n\t\t\t\t<div class=\"elementor-element elementor-element-90d27a3 elementor-widget__width-initial elementor-icon-list--layout-traditional elementor-list-item-link-full_width elementor-widget elementor-widget-icon-list\" data-id=\"90d27a3\" data-element_type=\"widget\" data-widget_type=\"icon-list.default\">\n\t\t\t\t\t\t\t<ul class=\"elementor-icon-list-items\">\n\t\t\t\t\t\t\t<li class=\"elementor-icon-list-item\">\n\t\t\t\t\t\t\t\t\t\t\t<span class=\"elementor-icon-list-icon\">\n\t\t\t\t\t\t\t<svg aria-hidden=\"true\" class=\"e-font-icon-svg e-fas-check\" viewbox=\"0 0 512 512\" xmlns=\"http:\/\/www.w3.org\/2000\/svg\"><path d=\"M173.898 439.404l-166.4-166.4c-9.997-9.997-9.997-26.206 0-36.204l36.203-36.204c9.997-9.998 26.207-9.998 36.204 0L192 312.69 432.095 72.596c9.997-9.997 26.207-9.997 36.204 0l36.203 36.204c9.997 9.997 9.997 26.206 0 36.204l-294.4 294.401c-9.998 9.997-26.207 9.997-36.204-.001z\"><\/path><\/svg>\t\t\t\t\t\t<\/span>\n\t\t\t\t\t\t\t\t\t\t<span class=\"elementor-icon-list-text\">A qualified network of private, institutional, and financial partners<\/span>\n\t\t\t\t\t\t\t\t\t<\/li>\n\t\t\t\t\t\t\t\t<li class=\"elementor-icon-list-item\">\n\t\t\t\t\t\t\t\t\t\t\t<span class=\"elementor-icon-list-icon\">\n\t\t\t\t\t\t\t<svg aria-hidden=\"true\" class=\"e-font-icon-svg e-fas-check\" viewbox=\"0 0 512 512\" xmlns=\"http:\/\/www.w3.org\/2000\/svg\"><path d=\"M173.898 439.404l-166.4-166.4c-9.997-9.997-9.997-26.206 0-36.204l36.203-36.204c9.997-9.998 26.207-9.998 36.204 0L192 312.69 432.095 72.596c9.997-9.997 26.207-9.997 36.204 0l36.203 36.204c9.997 9.997 9.997 26.206 0 36.204l-294.4 294.401c-9.998 9.997-26.207 9.997-36.204-.001z\"><\/path><\/svg>\t\t\t\t\t\t<\/span>\n\t\t\t\t\t\t\t\t\t\t<span class=\"elementor-icon-list-text\">Expertise in sponsorship and funding strategy<\/span>\n\t\t\t\t\t\t\t\t\t<\/li>\n\t\t\t\t\t\t\t\t<li class=\"elementor-icon-list-item\">\n\t\t\t\t\t\t\t\t\t\t\t<span class=\"elementor-icon-list-icon\">\n\t\t\t\t\t\t\t<svg aria-hidden=\"true\" class=\"e-font-icon-svg e-fas-check\" viewbox=\"0 0 512 512\" xmlns=\"http:\/\/www.w3.org\/2000\/svg\"><path d=\"M173.898 439.404l-166.4-166.4c-9.997-9.997-9.997-26.206 0-36.204l36.203-36.204c9.997-9.998 26.207-9.998 36.204 0L192 312.69 432.095 72.596c9.997-9.997 26.207-9.997 36.204 0l36.203 36.204c9.997 9.997 9.997 26.206 0 36.204l-294.4 294.401c-9.998 9.997-26.207 9.997-36.204-.001z\"><\/path><\/svg>\t\t\t\t\t\t<\/span>\n\t\t\t\t\t\t\t\t\t\t<span class=\"elementor-icon-list-text\">Personalized support, from partnership design to negotiation<\/span>\n\t\t\t\t\t\t\t\t\t<\/li>\n\t\t\t\t\t\t\t\t<li class=\"elementor-icon-list-item\">\n\t\t\t\t\t\t\t\t\t\t\t<span class=\"elementor-icon-list-icon\">\n\t\t\t\t\t\t\t<svg aria-hidden=\"true\" class=\"e-font-icon-svg e-fas-check\" viewbox=\"0 0 512 512\" xmlns=\"http:\/\/www.w3.org\/2000\/svg\"><path d=\"M173.898 439.404l-166.4-166.4c-9.997-9.997-9.997-26.206 0-36.204l36.203-36.204c9.997-9.998 26.207-9.998 36.204 0L192 312.69 432.095 72.596c9.997-9.997 26.207-9.997 36.204 0l36.203 36.204c9.997 9.997 9.997 26.206 0 36.204l-294.4 294.401c-9.998 9.997-26.207 9.997-36.204-.001z\"><\/path><\/svg>\t\t\t\t\t\t<\/span>\n\t\t\t\t\t\t\t\t\t\t<span class=\"elementor-icon-list-text\">An approach based on credibility, trust, and performance<\/span>\n\t\t\t\t\t\t\t\t\t<\/li>\n\t\t\t\t\t\t<\/ul>\n\t\t\t\t\t\t<\/div>\n\t\t\t\t<div class=\"elementor-element elementor-element-34cf16d elementor-widget__width-initial elementor-widget-mobile__width-initial elementor-widget elementor-widget-text-editor\" data-id=\"34cf16d\" data-element_type=\"widget\" data-widget_type=\"text-editor.default\">\n\t\t\t\t\t\t\t\t\t<p><b>One Sport<\/b>, it\u2019s much more than a management agency : it\u2019s an accelerator of<br \/>growth for those who live and breathe sport. Together, let\u2019s build the solid foundations of your<br \/>ambitions.<\/p>\t\t\t\t\t\t\t\t<\/div>\n\t\t\t\t\t<\/div>\n\t\t\t\t<\/div>\n\t\t<div class=\"elementor-element elementor-element-22f5c82 e-flex e-con-boxed e-con e-parent\" data-id=\"22f5c82\" data-element_type=\"container\" data-settings=\"{&quot;_ha_eqh_enable&quot;:false}\">\n\t\t\t\t\t<div class=\"e-con-inner\">\n\t\t\t\t<div class=\"elementor-element elementor-element-0271d6f elementor-widget elementor-widget-heading\" data-id=\"0271d6f\" data-element_type=\"widget\" data-widget_type=\"heading.default\">\n\t\t\t\t\t<h2 class=\"elementor-heading-title elementor-size-default\">OUR <span style=\"color:#b81f21\">PARTNERS <\/span><\/h2>\t\t\t\t<\/div>\n\t\t\t\t<div class=\"elementor-element elementor-element-39d0d03 elementor-widget elementor-widget-spacer\" data-id=\"39d0d03\" data-element_type=\"widget\" data-widget_type=\"spacer.default\">\n\t\t\t\t\t\t\t<div class=\"elementor-spacer\">\n\t\t\t<div class=\"elementor-spacer-inner\"><\/div>\n\t\t<\/div>\n\t\t\t\t\t\t<\/div>\n\t\t\t\t<div class=\"elementor-element elementor-element-a84e8b2 elementor-widget__width-initial elementor-widget elementor-widget-jkit_client_logo\" data-id=\"a84e8b2\" data-element_type=\"widget\" data-widget_type=\"jkit_client_logo.default\">\n\t\t\t\t\t<div  class=\"jeg-elementor-kit jkit-client-logo arrow-bottom-edge jeg_module___69f3955d60baa\"  data-id=\"jeg_module___69f3955d60baa\" data-settings=\"{&quot;autoplay&quot;:true,&quot;autoplay_speed&quot;:3500,&quot;autoplay_hover_pause&quot;:false,&quot;show_navigation&quot;:true,&quot;navigation_left&quot;:&quot;&lt;span&gt;&lt;i aria-hidden=\\&quot;true\\&quot; class=\\&quot;jki jki-arrow-left-solid\\&quot;&gt;&lt;\\\/i&gt;&lt;\\\/span&gt;&quot;,&quot;navigation_right&quot;:&quot;&lt;span&gt;&lt;i aria-hidden=\\&quot;true\\&quot; class=\\&quot;jki jki-arrow-right-solid\\&quot;&gt;&lt;\\\/i&gt;&lt;\\\/span&gt;&quot;,&quot;show_dots&quot;:false,&quot;arrow_position&quot;:&quot;bottom&quot;,&quot;responsive&quot;:{&quot;desktop&quot;:{&quot;items&quot;:6,&quot;margin&quot;:32,&quot;breakpoint&quot;:1025},&quot;tablet&quot;:{&quot;items&quot;:6,&quot;margin&quot;:32,&quot;breakpoint&quot;:768},&quot;mobile&quot;:{&quot;items&quot;:2,&quot;margin&quot;:32,&quot;breakpoint&quot;:0}}}\"><div class=\"client-list\"><div class=\"client-track\"><div class=\"client-slider item\"><div class=\"image-list\"><div class=\"content-image\"><img decoding=\"async\" width=\"500\" height=\"500\" src=\"https:\/\/onesportagency.com\/wp-content\/uploads\/2025\/07\/9.png\" class=\"main-image\" alt=\"Titre\" url=\"https:\/\/onesportagency.com\/wp-content\/uploads\/2025\/07\/9.png\" source=\"library\" srcset=\"https:\/\/onesportagency.com\/wp-content\/uploads\/2025\/07\/9.png 500w, https:\/\/onesportagency.com\/wp-content\/uploads\/2025\/07\/9-300x300.png 300w, https:\/\/onesportagency.com\/wp-content\/uploads\/2025\/07\/9-150x150.png 150w\" sizes=\"(max-width: 500px) 100vw, 500px\" \/><\/div><\/div><\/div><div class=\"client-slider item\"><div class=\"image-list\"><div class=\"content-image\"><img loading=\"lazy\" decoding=\"async\" width=\"500\" height=\"500\" src=\"https:\/\/onesportagency.com\/wp-content\/uploads\/2025\/07\/8-1.png\" class=\"main-image\" alt=\"Titre\" url=\"https:\/\/onesportagency.com\/wp-content\/uploads\/2025\/07\/8-1.png\" source=\"library\" srcset=\"https:\/\/onesportagency.com\/wp-content\/uploads\/2025\/07\/8-1.png 500w, https:\/\/onesportagency.com\/wp-content\/uploads\/2025\/07\/8-1-300x300.png 300w, https:\/\/onesportagency.com\/wp-content\/uploads\/2025\/07\/8-1-150x150.png 150w\" sizes=\"(max-width: 500px) 100vw, 500px\" \/><\/div><\/div><\/div><div class=\"client-slider item\"><div class=\"image-list\"><div class=\"content-image\"><img loading=\"lazy\" decoding=\"async\" width=\"500\" height=\"500\" src=\"https:\/\/onesportagency.com\/wp-content\/uploads\/2025\/07\/3.png\" class=\"main-image\" alt=\"Titre\" url=\"https:\/\/onesportagency.com\/wp-content\/uploads\/2025\/07\/3.png\" source=\"library\" srcset=\"https:\/\/onesportagency.com\/wp-content\/uploads\/2025\/07\/3.png 500w, https:\/\/onesportagency.com\/wp-content\/uploads\/2025\/07\/3-300x300.png 300w, https:\/\/onesportagency.com\/wp-content\/uploads\/2025\/07\/3-150x150.png 150w\" sizes=\"(max-width: 500px) 100vw, 500px\" \/><\/div><\/div><\/div><div class=\"client-slider item\"><div class=\"image-list\"><div class=\"content-image\"><img loading=\"lazy\" decoding=\"async\" width=\"500\" height=\"500\" src=\"https:\/\/onesportagency.com\/wp-content\/uploads\/2025\/07\/6-1.png\" class=\"main-image\" alt=\"Titre\" url=\"https:\/\/onesportagency.com\/wp-content\/uploads\/2025\/07\/6-1.png\" source=\"library\" srcset=\"https:\/\/onesportagency.com\/wp-content\/uploads\/2025\/07\/6-1.png 500w, https:\/\/onesportagency.com\/wp-content\/uploads\/2025\/07\/6-1-300x300.png 300w, https:\/\/onesportagency.com\/wp-content\/uploads\/2025\/07\/6-1-150x150.png 150w\" sizes=\"(max-width: 500px) 100vw, 500px\" \/><\/div><\/div><\/div><div class=\"client-slider item\"><div class=\"image-list\"><div class=\"content-image\"><img loading=\"lazy\" decoding=\"async\" width=\"500\" height=\"500\" src=\"https:\/\/onesportagency.com\/wp-content\/uploads\/2025\/07\/7-1.png\" class=\"main-image\" alt=\"Titre\" url=\"https:\/\/onesportagency.com\/wp-content\/uploads\/2025\/07\/7-1.png\" source=\"library\" srcset=\"https:\/\/onesportagency.com\/wp-content\/uploads\/2025\/07\/7-1.png 500w, https:\/\/onesportagency.com\/wp-content\/uploads\/2025\/07\/7-1-300x300.png 300w, https:\/\/onesportagency.com\/wp-content\/uploads\/2025\/07\/7-1-150x150.png 150w\" sizes=\"(max-width: 500px) 100vw, 500px\" \/><\/div><\/div><\/div><div class=\"client-slider item\"><div class=\"image-list\"><div class=\"content-image\"><img loading=\"lazy\" decoding=\"async\" width=\"500\" height=\"500\" src=\"https:\/\/onesportagency.com\/wp-content\/uploads\/2025\/07\/5.png\" class=\"main-image\" alt=\"Titre\" url=\"https:\/\/onesportagency.com\/wp-content\/uploads\/2025\/07\/5.png\" source=\"library\" srcset=\"https:\/\/onesportagency.com\/wp-content\/uploads\/2025\/07\/5.png 500w, https:\/\/onesportagency.com\/wp-content\/uploads\/2025\/07\/5-300x300.png 300w, https:\/\/onesportagency.com\/wp-content\/uploads\/2025\/07\/5-150x150.png 150w\" sizes=\"(max-width: 500px) 100vw, 500px\" \/><\/div><\/div><\/div><div class=\"client-slider item\"><div class=\"image-list\"><div class=\"content-image\"><img loading=\"lazy\" decoding=\"async\" width=\"500\" height=\"500\" src=\"https:\/\/onesportagency.com\/wp-content\/uploads\/2025\/07\/4.png\" class=\"main-image\" alt=\"Titre\" url=\"https:\/\/onesportagency.com\/wp-content\/uploads\/2025\/07\/4.png\" source=\"library\" srcset=\"https:\/\/onesportagency.com\/wp-content\/uploads\/2025\/07\/4.png 500w, https:\/\/onesportagency.com\/wp-content\/uploads\/2025\/07\/4-300x300.png 300w, https:\/\/onesportagency.com\/wp-content\/uploads\/2025\/07\/4-150x150.png 150w\" sizes=\"(max-width: 500px) 100vw, 500px\" \/><\/div><\/div><\/div><div class=\"client-slider item\"><div class=\"image-list\"><div class=\"content-image\"><img loading=\"lazy\" decoding=\"async\" width=\"500\" height=\"500\" src=\"https:\/\/onesportagency.com\/wp-content\/uploads\/2025\/07\/2.png\" class=\"main-image\" alt=\"Titre\" url=\"https:\/\/onesportagency.com\/wp-content\/uploads\/2025\/07\/2.png\" source=\"library\" srcset=\"https:\/\/onesportagency.com\/wp-content\/uploads\/2025\/07\/2.png 500w, https:\/\/onesportagency.com\/wp-content\/uploads\/2025\/07\/2-300x300.png 300w, https:\/\/onesportagency.com\/wp-content\/uploads\/2025\/07\/2-150x150.png 150w\" sizes=\"(max-width: 500px) 100vw, 500px\" \/><\/div><\/div><\/div><div class=\"client-slider item\"><div class=\"image-list\"><div class=\"content-image\"><img loading=\"lazy\" decoding=\"async\" width=\"500\" height=\"500\" src=\"https:\/\/onesportagency.com\/wp-content\/uploads\/2025\/07\/1.png\" class=\"main-image\" alt=\"Titre\" url=\"https:\/\/onesportagency.com\/wp-content\/uploads\/2025\/07\/1.png\" source=\"library\" srcset=\"https:\/\/onesportagency.com\/wp-content\/uploads\/2025\/07\/1.png 500w, https:\/\/onesportagency.com\/wp-content\/uploads\/2025\/07\/1-300x300.png 300w, https:\/\/onesportagency.com\/wp-content\/uploads\/2025\/07\/1-150x150.png 150w\" sizes=\"(max-width: 500px) 100vw, 500px\" \/><\/div><\/div><\/div><\/div><\/div><\/div>\t\t\t\t<\/div>\n\t\t\t\t\t<\/div>\n\t\t\t\t<\/div>\n\t\t\t\t<\/div>","protected":false},"excerpt":{"rendered":"<p>D\u00e9veloppez votre potentiel avec nous D\u00e9bloquez de nouvelles opportunit\u00e9s gr\u00e2ce \u00e0 des strat\u00e9gies d&rsquo;experts, de nouveaux sponsors et un soutien personnalis\u00e9 Nous contacter Acc\u00e9l\u00e9rez votre d\u00e9veloppement avec ONE SPORT Dans un environnement aussi comp\u00e9titif que celui du football et le sport en r\u00e8gle g\u00e9n\u00e9ral, la performance sportive doit \u00eatre accompagn\u00e9e d\u2019une strat\u00e9gie de d\u00e9veloppement durable. [&hellip;]<\/p>","protected":false},"author":1,"featured_media":0,"parent":0,"menu_order":0,"comment_status":"closed","ping_status":"closed","template":"elementor_header_footer","meta":{"footnotes":""},"class_list":["post-22","page","type-page","status-publish","hentry"],"_links":{"self":[{"href":"https:\/\/onesportagency.com\/en\/wp-json\/wp\/v2\/pages\/22","targetHints":{"allow":["GET"]}}],"collection":[{"href":"https:\/\/onesportagency.com\/en\/wp-json\/wp\/v2\/pages"}],"about":[{"href":"https:\/\/onesportagency.com\/en\/wp-json\/wp\/v2\/types\/page"}],"author":[{"embeddable":true,"href":"https:\/\/onesportagency.com\/en\/wp-json\/wp\/v2\/users\/1"}],"replies":[{"embeddable":true,"href":"https:\/\/onesportagency.com\/en\/wp-json\/wp\/v2\/comments?post=22"}],"version-history":[{"count":0,"href":"https:\/\/onesportagency.com\/en\/wp-json\/wp\/v2\/pages\/22\/revisions"}],"wp:attachment":[{"href":"https:\/\/onesportagency.com\/en\/wp-json\/wp\/v2\/media?parent=22"}],"curies":[{"name":"wp","href":"https:\/\/api.w.org\/{rel}","templated":true}]}}