{"id":14,"date":"2025-07-25T17:35:15","date_gmt":"2025-07-25T15:35:15","guid":{"rendered":"http:\/\/onesportagency.com\/?page_id=14"},"modified":"2025-08-01T16:15:45","modified_gmt":"2025-08-01T14:15:45","slug":"a-propos","status":"publish","type":"page","link":"https:\/\/onesportagency.com\/en\/a-propos\/","title":{"rendered":"About US"},"content":{"rendered":"<div data-elementor-type=\"wp-page\" data-elementor-id=\"14\" class=\"elementor elementor-14\" data-elementor-settings=\"{&quot;ha_cmc_init_switcher&quot;:&quot;no&quot;}\" data-elementor-post-type=\"page\">\n\t\t\t\t<div class=\"elementor-element elementor-element-eb3fa98 e-flex e-con-boxed e-con e-parent\" data-id=\"eb3fa98\" data-element_type=\"container\" data-settings=\"{&quot;background_background&quot;:&quot;classic&quot;,&quot;_ha_eqh_enable&quot;:false}\">\n\t\t\t\t\t<div class=\"e-con-inner\">\n\t\t\t\t<div class=\"elementor-element elementor-element-1e5911e elementor-widget-mobile__width-initial elementor-widget__width-initial e-transform elementor-widget elementor-widget-heading\" data-id=\"1e5911e\" data-element_type=\"widget\" data-settings=\"{&quot;_transform_rotateZ_effect&quot;:{&quot;unit&quot;:&quot;px&quot;,&quot;size&quot;:-90,&quot;sizes&quot;:[]},&quot;_transform_rotateZ_effect_tablet&quot;:{&quot;unit&quot;:&quot;deg&quot;,&quot;size&quot;:&quot;&quot;,&quot;sizes&quot;:[]},&quot;_transform_rotateZ_effect_mobile&quot;:{&quot;unit&quot;:&quot;deg&quot;,&quot;size&quot;:&quot;&quot;,&quot;sizes&quot;:[]}}\" data-widget_type=\"heading.default\">\n\t\t\t\t\t<h1 class=\"elementor-heading-title elementor-size-default\">WHO<\/h1>\t\t\t\t<\/div>\n\t\t\t\t<div class=\"elementor-element elementor-element-74ebd90 elementor-widget-mobile__width-initial elementor-widget__width-initial elementor-widget elementor-widget-heading\" data-id=\"74ebd90\" data-element_type=\"widget\" data-widget_type=\"heading.default\">\n\t\t\t\t\t<h1 class=\"elementor-heading-title elementor-size-default\">We<br>\nAre ?<\/h1>\t\t\t\t<\/div>\n\t\t\t\t\t<\/div>\n\t\t\t\t<\/div>\n\t\t<div class=\"elementor-element elementor-element-496200f e-flex e-con-boxed e-con e-parent\" data-id=\"496200f\" data-element_type=\"container\" data-settings=\"{&quot;_ha_eqh_enable&quot;:false}\">\n\t\t\t\t\t<div class=\"e-con-inner\">\n\t\t\t\t<div class=\"elementor-element elementor-element-eda4cbc elementor-widget__width-initial elementor-widget-mobile__width-initial elementor-widget elementor-widget-text-editor\" data-id=\"eda4cbc\" data-element_type=\"widget\" data-widget_type=\"text-editor.default\">\n\t\t\t\t\t\t\t\t\t<p><strong>One Sport Agency<\/strong> is not just an agency: it\u2019s a career catalyst for professional and amateur players, staff, coaches, clubs, and academies. Here, every profile finds its place and momentum, driven by a coherent vision: sport as an ecosystem where everyone plays an essential role.<\/p><p>Born from a mix of travel, passion for sport, sharp analysis, and demanding hands-on experience, <strong>One\u202fSport\u202fAgency<\/strong> quickly established itself as the missing solution. Turning individual dreams into collective journeys\u2014that is our purpose.\u00a0<strong style=\"font-size: var( --e-global-typography-text-font-size ); font-style: var( --e-global-typography-text-font-style ); text-transform: var( --e-global-typography-text-text-transform );\">One\u202fSport\u202fAgency<\/strong><span style=\"font-size: var( --e-global-typography-text-font-size ); font-style: var( --e-global-typography-text-font-style ); text-transform: var( --e-global-typography-text-text-transform );\"> combines hands-on expertise, an extensive network, and a human-centered approach: each\u00a0<\/span><span style=\"font-size: var( --e-global-typography-text-font-size ); font-style: var( --e-global-typography-text-font-style ); text-transform: var( --e-global-typography-text-text-transform );\">case is handled as a partnership. We think collectively, we focus on results, but\u00a0<\/span><span style=\"font-size: var( --e-global-typography-text-font-size ); font-style: var( --e-global-typography-text-font-style ); text-transform: var( --e-global-typography-text-text-transform );\">always with that human dimension, essential to sporting success.<\/span><\/p>\t\t\t\t\t\t\t\t<\/div>\n\t\t\t\t\t<\/div>\n\t\t\t\t<\/div>\n\t\t<div class=\"elementor-element elementor-element-3010ec4 e-flex e-con-boxed e-con e-parent\" data-id=\"3010ec4\" data-element_type=\"container\" data-settings=\"{&quot;_ha_eqh_enable&quot;:false}\">\n\t\t\t\t\t<div class=\"e-con-inner\">\n\t\t\t\t<div class=\"elementor-element elementor-element-926b88b elementor-widget elementor-widget-image\" data-id=\"926b88b\" data-element_type=\"widget\" data-widget_type=\"image.default\">\n\t\t\t\t\t\t\t\t\t\t\t\t\t\t\t<img fetchpriority=\"high\" decoding=\"async\" width=\"800\" height=\"213\" src=\"https:\/\/onesportagency.com\/wp-content\/uploads\/2025\/07\/ONE-SPORT-BANNER-QSN-1500-x-400-px-1024x273.png\" class=\"attachment-large size-large wp-image-71\" alt=\"\" srcset=\"https:\/\/onesportagency.com\/wp-content\/uploads\/2025\/07\/ONE-SPORT-BANNER-QSN-1500-x-400-px-1024x273.png 1024w, https:\/\/onesportagency.com\/wp-content\/uploads\/2025\/07\/ONE-SPORT-BANNER-QSN-1500-x-400-px-300x80.png 300w, https:\/\/onesportagency.com\/wp-content\/uploads\/2025\/07\/ONE-SPORT-BANNER-QSN-1500-x-400-px-768x205.png 768w, https:\/\/onesportagency.com\/wp-content\/uploads\/2025\/07\/ONE-SPORT-BANNER-QSN-1500-x-400-px.png 1500w\" sizes=\"(max-width: 800px) 100vw, 800px\" \/>\t\t\t\t\t\t\t\t\t\t\t\t\t\t\t<\/div>\n\t\t\t\t\t<\/div>\n\t\t\t\t<\/div>\n\t\t<div class=\"elementor-element elementor-element-4b45023 e-flex e-con-boxed e-con e-parent\" data-id=\"4b45023\" data-element_type=\"container\" data-settings=\"{&quot;_ha_eqh_enable&quot;:false}\">\n\t\t\t\t\t<div class=\"e-con-inner\">\n\t\t\t\t<div class=\"elementor-element elementor-element-7def5fe elementor-widget__width-initial elementor-widget-mobile__width-initial elementor-widget elementor-widget-text-editor\" data-id=\"7def5fe\" data-element_type=\"widget\" data-widget_type=\"text-editor.default\">\n\t\t\t\t\t\t\t\t\t<p>Here, we don\u2019t sell dreams, we build pathways with sincerity, transparency, and high standards. We rely on trustful relationships, effective methods, and full commitment. At <strong>One\u202fSport<\/strong>, we believe that every talent, every coach, every organization deserves a strong platform to thrive.<\/p>\n<p>Our ambition? To become an international benchmark in sports management, development, and asset management. With recognized academies, a successfully supported clientele of players and clubs, valued coaches, and expansion into new territories, <strong>One\u202fSport\u202fAgency<\/strong> vise \u00e0 transformer le paysage du football et s\u2019inscrire durablement dans le futur\u2026<\/p>\n<p><em>Equipe One Sport<\/em><\/p>\t\t\t\t\t\t\t\t<\/div>\n\t\t\t\t\t<\/div>\n\t\t\t\t<\/div>\n\t\t\t\t<\/div>","protected":false},"excerpt":{"rendered":"<p>QUI Sommes Nous ? One Sport Agency n\u2019est pas une simple agence : c\u2019est le catalyseur de carri\u00e8res, pour joueurs pros et amateurs, staff, entra\u00eeneurs, clubs et acad\u00e9mies. Ici, chaque profil trouve sa place et son \u00e9lan, anim\u00e9 par une vision coh\u00e9rente : le sport comme \u00e9cosyst\u00e8me, o\u00f9 chacun est un acteur indispensable. N\u00e9e d\u2019un [&hellip;]<\/p>","protected":false},"author":1,"featured_media":0,"parent":0,"menu_order":0,"comment_status":"closed","ping_status":"closed","template":"elementor_header_footer","meta":{"footnotes":""},"class_list":["post-14","page","type-page","status-publish","hentry"],"_links":{"self":[{"href":"https:\/\/onesportagency.com\/en\/wp-json\/wp\/v2\/pages\/14","targetHints":{"allow":["GET"]}}],"collection":[{"href":"https:\/\/onesportagency.com\/en\/wp-json\/wp\/v2\/pages"}],"about":[{"href":"https:\/\/onesportagency.com\/en\/wp-json\/wp\/v2\/types\/page"}],"author":[{"embeddable":true,"href":"https:\/\/onesportagency.com\/en\/wp-json\/wp\/v2\/users\/1"}],"replies":[{"embeddable":true,"href":"https:\/\/onesportagency.com\/en\/wp-json\/wp\/v2\/comments?post=14"}],"version-history":[{"count":0,"href":"https:\/\/onesportagency.com\/en\/wp-json\/wp\/v2\/pages\/14\/revisions"}],"wp:attachment":[{"href":"https:\/\/onesportagency.com\/en\/wp-json\/wp\/v2\/media?parent=14"}],"curies":[{"name":"wp","href":"https:\/\/api.w.org\/{rel}","templated":true}]}}